{"id":534,"date":"2024-09-19T14:03:32","date_gmt":"2024-09-19T17:03:32","guid":{"rendered":"https:\/\/implantecapilarbrasil.com.br\/?page_id=534"},"modified":"2024-09-19T14:11:36","modified_gmt":"2024-09-19T17:11:36","slug":"solicitar-avaliacao","status":"publish","type":"page","link":"https:\/\/implantecapilarbrasil.com.br\/?page_id=534","title":{"rendered":"Solicitar Avalia\u00e7\u00e3o"},"content":{"rendered":"\t\t<div data-elementor-type=\"wp-page\" data-elementor-id=\"534\" class=\"elementor elementor-534\" data-elementor-settings=\"[]\">\n\t\t\t\t\t\t\t<div class=\"elementor-section-wrap\">\n\t\t\t\t\t\t\t<section class=\"elementor-section elementor-top-section elementor-element elementor-element-8186caa elementor-section-boxed elementor-section-height-default elementor-section-height-default\" data-id=\"8186caa\" data-element_type=\"section\">\n\t\t\t\t\t\t<div class=\"elementor-container elementor-column-gap-default\">\n\t\t\t\t\t<div class=\"elementor-column elementor-col-100 elementor-top-column elementor-element elementor-element-2378517\" data-id=\"2378517\" data-element_type=\"column\">\n\t\t\t<div class=\"elementor-widget-wrap elementor-element-populated\">\n\t\t\t\t\t\t\t\t<section class=\"elementor-section elementor-inner-section elementor-element elementor-element-4772ebc elementor-section-boxed elementor-section-height-default elementor-section-height-default\" data-id=\"4772ebc\" data-element_type=\"section\">\n\t\t\t\t\t\t<div class=\"elementor-container elementor-column-gap-default\">\n\t\t\t\t\t<div class=\"elementor-column elementor-col-33 elementor-inner-column elementor-element elementor-element-895147d\" data-id=\"895147d\" data-element_type=\"column\">\n\t\t\t<div class=\"elementor-widget-wrap\">\n\t\t\t\t\t\t\t\t\t<\/div>\n\t\t<\/div>\n\t\t\t\t<div class=\"elementor-column elementor-col-33 elementor-inner-column elementor-element elementor-element-6b0c454\" data-id=\"6b0c454\" data-element_type=\"column\">\n\t\t\t<div class=\"elementor-widget-wrap elementor-element-populated\">\n\t\t\t\t\t\t\t\t<div class=\"elementor-element elementor-element-661c7b6 elementor-widget elementor-widget-heading\" data-id=\"661c7b6\" data-element_type=\"widget\" data-widget_type=\"heading.default\">\n\t\t\t\t<div class=\"elementor-widget-container\">\n\t\t\t<h2 class=\"elementor-heading-title elementor-size-default\">Solicite Agora Sua Avalia\u00e7\u00e3o para Transplante Capilar Fio a Fio<\/h2>\t\t<\/div>\n\t\t\t\t<\/div>\n\t\t\t\t<div class=\"elementor-element elementor-element-128d9ab elementor-widget elementor-widget-text-editor\" data-id=\"128d9ab\" data-element_type=\"widget\" data-widget_type=\"text-editor.default\">\n\t\t\t\t<div class=\"elementor-widget-container\">\n\t\t\t\t\t\t\t\t<p>Preencha abaixo corretamente para que nossa equipe possa entrar em contato com voc\u00ea e lhe encaminhar sua proposta.<\/p>\t\t\t\t\t\t<\/div>\n\t\t\t\t<\/div>\n\t\t\t\t<div class=\"elementor-element elementor-element-f74c93c elementor-widget elementor-widget-html\" data-id=\"f74c93c\" data-element_type=\"widget\" data-widget_type=\"html.default\">\n\t\t\t\t<div class=\"elementor-widget-container\">\n\t\t\t<script type=\"text\/javascript\" src=\"\/\/wgw1.com.br\/form\/generate.js?id=1\"><\/script>\t\t<\/div>\n\t\t\t\t<\/div>\n\t\t\t\t\t<\/div>\n\t\t<\/div>\n\t\t\t\t<div class=\"elementor-column elementor-col-33 elementor-inner-column elementor-element elementor-element-7b49933\" data-id=\"7b49933\" data-element_type=\"column\">\n\t\t\t<div class=\"elementor-widget-wrap\">\n\t\t\t\t\t\t\t\t\t<\/div>\n\t\t<\/div>\n\t\t\t\t\t\t\t<\/div>\n\t\t<\/section>\n\t\t\t\t\t<\/div>\n\t\t<\/div>\n\t\t\t\t\t\t\t<\/div>\n\t\t<\/section>\n\t\t\t\t\t\t<\/div>\n\t\t\t\t\t<\/div>\n\t\t","protected":false},"excerpt":{"rendered":"<p>Solicite Agora Sua Avalia\u00e7\u00e3o para Transplante Capilar Fio a Fio Preencha abaixo corretamente para que nossa equipe possa entrar em contato com voc\u00ea e lhe encaminhar sua proposta.<\/p>\n","protected":false},"author":1,"featured_media":0,"parent":0,"menu_order":0,"comment_status":"closed","ping_status":"closed","template":"","meta":{"footnotes":""},"yoast_head":"<!-- This site is optimized with the Yoast SEO plugin v18.1 - https:\/\/yoast.com\/wordpress\/plugins\/seo\/ -->\n<title>Solicitar Avalia\u00e7\u00e3o -<\/title>\n<meta name=\"robots\" content=\"index, follow, max-snippet:-1, max-image-preview:large, max-video-preview:-1\" \/>\n<link rel=\"canonical\" href=\"https:\/\/implantecapilarbrasil.com.br\/?page_id=534\" \/>\n<meta property=\"og:locale\" content=\"pt_BR\" \/>\n<meta property=\"og:type\" content=\"article\" \/>\n<meta property=\"og:title\" content=\"Solicitar Avalia\u00e7\u00e3o -\" \/>\n<meta property=\"og:description\" content=\"Solicite Agora Sua Avalia\u00e7\u00e3o para Transplante Capilar Fio a Fio Preencha abaixo corretamente para que nossa equipe possa entrar em contato com voc\u00ea e lhe encaminhar sua proposta.\" \/>\n<meta property=\"og:url\" content=\"https:\/\/implantecapilarbrasil.com.br\/?page_id=534\" \/>\n<meta property=\"article:modified_time\" content=\"2024-09-19T17:11:36+00:00\" \/>\n<meta name=\"twitter:card\" content=\"summary_large_image\" \/>\n<script type=\"application\/ld+json\" class=\"yoast-schema-graph\">{\"@context\":\"https:\/\/schema.org\",\"@graph\":[{\"@type\":\"WebSite\",\"@id\":\"https:\/\/implantecapilarbrasil.com.br\/#website\",\"url\":\"https:\/\/implantecapilarbrasil.com.br\/\",\"name\":\"\",\"description\":\"\",\"potentialAction\":[{\"@type\":\"SearchAction\",\"target\":{\"@type\":\"EntryPoint\",\"urlTemplate\":\"https:\/\/implantecapilarbrasil.com.br\/?s={search_term_string}\"},\"query-input\":\"required name=search_term_string\"}],\"inLanguage\":\"pt-BR\"},{\"@type\":\"WebPage\",\"@id\":\"https:\/\/implantecapilarbrasil.com.br\/?page_id=534#webpage\",\"url\":\"https:\/\/implantecapilarbrasil.com.br\/?page_id=534\",\"name\":\"Solicitar Avalia\u00e7\u00e3o -\",\"isPartOf\":{\"@id\":\"https:\/\/implantecapilarbrasil.com.br\/#website\"},\"datePublished\":\"2024-09-19T17:03:32+00:00\",\"dateModified\":\"2024-09-19T17:11:36+00:00\",\"breadcrumb\":{\"@id\":\"https:\/\/implantecapilarbrasil.com.br\/?page_id=534#breadcrumb\"},\"inLanguage\":\"pt-BR\",\"potentialAction\":[{\"@type\":\"ReadAction\",\"target\":[\"https:\/\/implantecapilarbrasil.com.br\/?page_id=534\"]}]},{\"@type\":\"BreadcrumbList\",\"@id\":\"https:\/\/implantecapilarbrasil.com.br\/?page_id=534#breadcrumb\",\"itemListElement\":[{\"@type\":\"ListItem\",\"position\":1,\"name\":\"In\u00edcio\",\"item\":\"https:\/\/implantecapilarbrasil.com.br\/\"},{\"@type\":\"ListItem\",\"position\":2,\"name\":\"Solicitar Avalia\u00e7\u00e3o\"}]}]}<\/script>\n<!-- \/ Yoast SEO plugin. -->","yoast_head_json":{"title":"Solicitar Avalia\u00e7\u00e3o -","robots":{"index":"index","follow":"follow","max-snippet":"max-snippet:-1","max-image-preview":"max-image-preview:large","max-video-preview":"max-video-preview:-1"},"canonical":"https:\/\/implantecapilarbrasil.com.br\/?page_id=534","og_locale":"pt_BR","og_type":"article","og_title":"Solicitar Avalia\u00e7\u00e3o -","og_description":"Solicite Agora Sua Avalia\u00e7\u00e3o para Transplante Capilar Fio a Fio Preencha abaixo corretamente para que nossa equipe possa entrar em contato com voc\u00ea e lhe encaminhar sua proposta.","og_url":"https:\/\/implantecapilarbrasil.com.br\/?page_id=534","article_modified_time":"2024-09-19T17:11:36+00:00","twitter_card":"summary_large_image","schema":{"@context":"https:\/\/schema.org","@graph":[{"@type":"WebSite","@id":"https:\/\/implantecapilarbrasil.com.br\/#website","url":"https:\/\/implantecapilarbrasil.com.br\/","name":"","description":"","potentialAction":[{"@type":"SearchAction","target":{"@type":"EntryPoint","urlTemplate":"https:\/\/implantecapilarbrasil.com.br\/?s={search_term_string}"},"query-input":"required name=search_term_string"}],"inLanguage":"pt-BR"},{"@type":"WebPage","@id":"https:\/\/implantecapilarbrasil.com.br\/?page_id=534#webpage","url":"https:\/\/implantecapilarbrasil.com.br\/?page_id=534","name":"Solicitar Avalia\u00e7\u00e3o -","isPartOf":{"@id":"https:\/\/implantecapilarbrasil.com.br\/#website"},"datePublished":"2024-09-19T17:03:32+00:00","dateModified":"2024-09-19T17:11:36+00:00","breadcrumb":{"@id":"https:\/\/implantecapilarbrasil.com.br\/?page_id=534#breadcrumb"},"inLanguage":"pt-BR","potentialAction":[{"@type":"ReadAction","target":["https:\/\/implantecapilarbrasil.com.br\/?page_id=534"]}]},{"@type":"BreadcrumbList","@id":"https:\/\/implantecapilarbrasil.com.br\/?page_id=534#breadcrumb","itemListElement":[{"@type":"ListItem","position":1,"name":"In\u00edcio","item":"https:\/\/implantecapilarbrasil.com.br\/"},{"@type":"ListItem","position":2,"name":"Solicitar Avalia\u00e7\u00e3o"}]}]}},"_links":{"self":[{"href":"https:\/\/implantecapilarbrasil.com.br\/index.php?rest_route=\/wp\/v2\/pages\/534"}],"collection":[{"href":"https:\/\/implantecapilarbrasil.com.br\/index.php?rest_route=\/wp\/v2\/pages"}],"about":[{"href":"https:\/\/implantecapilarbrasil.com.br\/index.php?rest_route=\/wp\/v2\/types\/page"}],"author":[{"embeddable":true,"href":"https:\/\/implantecapilarbrasil.com.br\/index.php?rest_route=\/wp\/v2\/users\/1"}],"replies":[{"embeddable":true,"href":"https:\/\/implantecapilarbrasil.com.br\/index.php?rest_route=%2Fwp%2Fv2%2Fcomments&post=534"}],"version-history":[{"count":10,"href":"https:\/\/implantecapilarbrasil.com.br\/index.php?rest_route=\/wp\/v2\/pages\/534\/revisions"}],"predecessor-version":[{"id":547,"href":"https:\/\/implantecapilarbrasil.com.br\/index.php?rest_route=\/wp\/v2\/pages\/534\/revisions\/547"}],"wp:attachment":[{"href":"https:\/\/implantecapilarbrasil.com.br\/index.php?rest_route=%2Fwp%2Fv2%2Fmedia&parent=534"}],"curies":[{"name":"wp","href":"https:\/\/api.w.org\/{rel}","templated":true}]}}