{"id":233,"date":"2023-02-28T13:24:10","date_gmt":"2023-02-28T16:24:10","guid":{"rendered":"https:\/\/implantecapilarbrasil.com.br\/?page_id=233"},"modified":"2024-04-26T11:19:31","modified_gmt":"2024-04-26T14:19:31","slug":"blog","status":"publish","type":"page","link":"https:\/\/implantecapilarbrasil.com.br\/?page_id=233","title":{"rendered":"Blog"},"content":{"rendered":"\t\t<div data-elementor-type=\"wp-page\" data-elementor-id=\"233\" class=\"elementor elementor-233\" data-elementor-settings=\"[]\">\n\t\t\t\t\t\t\t<div class=\"elementor-section-wrap\">\n\t\t\t\t\t\t\t<section class=\"elementor-section elementor-top-section elementor-element elementor-element-d317b3d elementor-section-boxed elementor-section-height-default elementor-section-height-default\" data-id=\"d317b3d\" data-element_type=\"section\">\n\t\t\t\t\t\t<div class=\"elementor-container elementor-column-gap-default\">\n\t\t\t\t\t<div class=\"elementor-column elementor-col-100 elementor-top-column elementor-element elementor-element-6a47ada\" data-id=\"6a47ada\" data-element_type=\"column\">\n\t\t\t<div class=\"elementor-widget-wrap elementor-element-populated\">\n\t\t\t\t\t\t\t\t<div class=\"elementor-element elementor-element-791b92a elementor-grid-3 elementor-grid-tablet-2 elementor-grid-mobile-1 elementor-posts--thumbnail-top elementor-card-shadow-yes elementor-posts__hover-gradient elementor-widget elementor-widget-posts\" data-id=\"791b92a\" data-element_type=\"widget\" data-settings=\"{&quot;cards_columns&quot;:&quot;3&quot;,&quot;cards_columns_tablet&quot;:&quot;2&quot;,&quot;cards_columns_mobile&quot;:&quot;1&quot;,&quot;cards_row_gap&quot;:{&quot;unit&quot;:&quot;px&quot;,&quot;size&quot;:35,&quot;sizes&quot;:[]}}\" data-widget_type=\"posts.cards\">\n\t\t\t\t<div class=\"elementor-widget-container\">\n\t\t\t\t\t<div class=\"elementor-posts-container elementor-posts elementor-posts--skin-cards elementor-grid\">\n\t\t\t\t<article class=\"elementor-post elementor-grid-item post-930 post type-post status-publish format-standard has-post-thumbnail hentry category-blog\">\n\t\t\t<div class=\"elementor-post__card\">\n\t\t\t\t<a class=\"elementor-post__thumbnail__link\" href=\"https:\/\/implantecapilarbrasil.com.br\/?p=930\" >\n\t\t\t<div class=\"elementor-post__thumbnail\"><img loading=\"lazy\" width=\"300\" height=\"300\" src=\"https:\/\/implantecapilarbrasil.com.br\/wp-content\/uploads\/2025\/07\/image-1-300x300.png\" class=\"attachment-medium size-medium\" alt=\"\" decoding=\"async\" srcset=\"https:\/\/implantecapilarbrasil.com.br\/wp-content\/uploads\/2025\/07\/image-1-300x300.png 300w, https:\/\/implantecapilarbrasil.com.br\/wp-content\/uploads\/2025\/07\/image-1-150x150.png 150w, https:\/\/implantecapilarbrasil.com.br\/wp-content\/uploads\/2025\/07\/image-1-768x768.png 768w, https:\/\/implantecapilarbrasil.com.br\/wp-content\/uploads\/2025\/07\/image-1.png 1024w\" sizes=\"(max-width: 300px) 100vw, 300px\" \/><\/div>\n\t\t<\/a>\n\t\t\t\t<div class=\"elementor-post__text\">\n\t\t\t\t<h3 class=\"elementor-post__title\">\n\t\t\t<a href=\"https:\/\/implantecapilarbrasil.com.br\/?p=930\" >\n\t\t\t\tTransplante de Sobrancelha Masculina: Mais Confian\u00e7a no Olhar!\t\t\t<\/a>\n\t\t<\/h3>\n\t\t\t\t\t<a class=\"elementor-post__read-more\" href=\"https:\/\/implantecapilarbrasil.com.br\/?p=930\" >\n\t\t\t\tleia mais\t\t\t<\/a>\n\t\t\t\t<\/div>\n\t\t\t\t\t<\/div>\n\t\t<\/article>\n\t\t\t\t<article class=\"elementor-post elementor-grid-item post-927 post type-post status-publish format-standard has-post-thumbnail hentry category-blog\">\n\t\t\t<div class=\"elementor-post__card\">\n\t\t\t\t<a class=\"elementor-post__thumbnail__link\" href=\"https:\/\/implantecapilarbrasil.com.br\/?p=927\" >\n\t\t\t<div class=\"elementor-post__thumbnail\"><img loading=\"lazy\" width=\"300\" height=\"300\" src=\"https:\/\/implantecapilarbrasil.com.br\/wp-content\/uploads\/2025\/07\/image-300x300.png\" class=\"attachment-medium size-medium\" alt=\"\" decoding=\"async\" srcset=\"https:\/\/implantecapilarbrasil.com.br\/wp-content\/uploads\/2025\/07\/image-300x300.png 300w, https:\/\/implantecapilarbrasil.com.br\/wp-content\/uploads\/2025\/07\/image-150x150.png 150w, https:\/\/implantecapilarbrasil.com.br\/wp-content\/uploads\/2025\/07\/image-768x768.png 768w, https:\/\/implantecapilarbrasil.com.br\/wp-content\/uploads\/2025\/07\/image.png 1024w\" sizes=\"(max-width: 300px) 100vw, 300px\" \/><\/div>\n\t\t<\/a>\n\t\t\t\t<div class=\"elementor-post__text\">\n\t\t\t\t<h3 class=\"elementor-post__title\">\n\t\t\t<a href=\"https:\/\/implantecapilarbrasil.com.br\/?p=927\" >\n\t\t\t\tTransplante Capilar FUE: O Que \u00c9, Como Funciona e Quais os Benef\u00edcios\t\t\t<\/a>\n\t\t<\/h3>\n\t\t\t\t\t<a class=\"elementor-post__read-more\" href=\"https:\/\/implantecapilarbrasil.com.br\/?p=927\" >\n\t\t\t\tleia mais\t\t\t<\/a>\n\t\t\t\t<\/div>\n\t\t\t\t\t<\/div>\n\t\t<\/article>\n\t\t\t\t<article class=\"elementor-post elementor-grid-item post-906 post type-post status-publish format-standard has-post-thumbnail hentry category-blog\">\n\t\t\t<div class=\"elementor-post__card\">\n\t\t\t\t<a class=\"elementor-post__thumbnail__link\" href=\"https:\/\/implantecapilarbrasil.com.br\/?p=906\" >\n\t\t\t<div class=\"elementor-post__thumbnail\"><img loading=\"lazy\" width=\"300\" height=\"300\" src=\"https:\/\/implantecapilarbrasil.com.br\/wp-content\/uploads\/2025\/06\/image-5-300x300.png\" class=\"attachment-medium size-medium\" alt=\"\" decoding=\"async\" srcset=\"https:\/\/implantecapilarbrasil.com.br\/wp-content\/uploads\/2025\/06\/image-5-300x300.png 300w, https:\/\/implantecapilarbrasil.com.br\/wp-content\/uploads\/2025\/06\/image-5-1024x1024.png 1024w, https:\/\/implantecapilarbrasil.com.br\/wp-content\/uploads\/2025\/06\/image-5-150x150.png 150w, https:\/\/implantecapilarbrasil.com.br\/wp-content\/uploads\/2025\/06\/image-5-768x768.png 768w, https:\/\/implantecapilarbrasil.com.br\/wp-content\/uploads\/2025\/06\/image-5.png 1080w\" sizes=\"(max-width: 300px) 100vw, 300px\" \/><\/div>\n\t\t<\/a>\n\t\t\t\t<div class=\"elementor-post__text\">\n\t\t\t\t<h3 class=\"elementor-post__title\">\n\t\t\t<a href=\"https:\/\/implantecapilarbrasil.com.br\/?p=906\" >\n\t\t\t\tAutoestima recuperada com transplante capilar\t\t\t<\/a>\n\t\t<\/h3>\n\t\t\t\t\t<a class=\"elementor-post__read-more\" href=\"https:\/\/implantecapilarbrasil.com.br\/?p=906\" >\n\t\t\t\tleia mais\t\t\t<\/a>\n\t\t\t\t<\/div>\n\t\t\t\t\t<\/div>\n\t\t<\/article>\n\t\t\t\t<article class=\"elementor-post elementor-grid-item post-901 post type-post status-publish format-standard hentry category-blog category-blog-medcapilar\">\n\t\t\t<div class=\"elementor-post__card\">\n\t\t\t\t<div class=\"elementor-post__text\">\n\t\t\t\t<h3 class=\"elementor-post__title\">\n\t\t\t<a href=\"https:\/\/implantecapilarbrasil.com.br\/?p=901\" >\n\t\t\t\tTransplante de Barba: Redefina Seu Estilo com Naturalidade e Precis\u00e3o\t\t\t<\/a>\n\t\t<\/h3>\n\t\t\t\t\t<a class=\"elementor-post__read-more\" href=\"https:\/\/implantecapilarbrasil.com.br\/?p=901\" >\n\t\t\t\tleia mais\t\t\t<\/a>\n\t\t\t\t<\/div>\n\t\t\t\t\t<\/div>\n\t\t<\/article>\n\t\t\t\t<article class=\"elementor-post elementor-grid-item post-897 post type-post status-publish format-standard has-post-thumbnail hentry category-blog\">\n\t\t\t<div class=\"elementor-post__card\">\n\t\t\t\t<a class=\"elementor-post__thumbnail__link\" href=\"https:\/\/implantecapilarbrasil.com.br\/?p=897\" >\n\t\t\t<div class=\"elementor-post__thumbnail\"><img loading=\"lazy\" width=\"300\" height=\"300\" src=\"https:\/\/implantecapilarbrasil.com.br\/wp-content\/uploads\/2025\/06\/image-3-300x300.png\" class=\"attachment-medium size-medium\" alt=\"\" decoding=\"async\" srcset=\"https:\/\/implantecapilarbrasil.com.br\/wp-content\/uploads\/2025\/06\/image-3-300x300.png 300w, https:\/\/implantecapilarbrasil.com.br\/wp-content\/uploads\/2025\/06\/image-3-1024x1024.png 1024w, https:\/\/implantecapilarbrasil.com.br\/wp-content\/uploads\/2025\/06\/image-3-150x150.png 150w, https:\/\/implantecapilarbrasil.com.br\/wp-content\/uploads\/2025\/06\/image-3-768x768.png 768w, https:\/\/implantecapilarbrasil.com.br\/wp-content\/uploads\/2025\/06\/image-3.png 1080w\" sizes=\"(max-width: 300px) 100vw, 300px\" \/><\/div>\n\t\t<\/a>\n\t\t\t\t<div class=\"elementor-post__text\">\n\t\t\t\t<h3 class=\"elementor-post__title\">\n\t\t\t<a href=\"https:\/\/implantecapilarbrasil.com.br\/?p=897\" >\n\t\t\t\tTransplante Capilar: A Solu\u00e7\u00e3o Definitiva para a Calv\u00edcie com o Dr. Davi Pontes\t\t\t<\/a>\n\t\t<\/h3>\n\t\t\t\t\t<a class=\"elementor-post__read-more\" href=\"https:\/\/implantecapilarbrasil.com.br\/?p=897\" >\n\t\t\t\tleia mais\t\t\t<\/a>\n\t\t\t\t<\/div>\n\t\t\t\t\t<\/div>\n\t\t<\/article>\n\t\t\t\t<article class=\"elementor-post elementor-grid-item post-894 post type-post status-publish format-standard has-post-thumbnail hentry category-blog category-blog-medcapilar\">\n\t\t\t<div class=\"elementor-post__card\">\n\t\t\t\t<a class=\"elementor-post__thumbnail__link\" href=\"https:\/\/implantecapilarbrasil.com.br\/?p=894\" >\n\t\t\t<div class=\"elementor-post__thumbnail\"><img loading=\"lazy\" width=\"300\" height=\"300\" src=\"https:\/\/implantecapilarbrasil.com.br\/wp-content\/uploads\/2025\/06\/image-2-300x300.png\" class=\"attachment-medium size-medium\" alt=\"\" decoding=\"async\" srcset=\"https:\/\/implantecapilarbrasil.com.br\/wp-content\/uploads\/2025\/06\/image-2-300x300.png 300w, https:\/\/implantecapilarbrasil.com.br\/wp-content\/uploads\/2025\/06\/image-2-150x150.png 150w, https:\/\/implantecapilarbrasil.com.br\/wp-content\/uploads\/2025\/06\/image-2.png 602w\" sizes=\"(max-width: 300px) 100vw, 300px\" \/><\/div>\n\t\t<\/a>\n\t\t\t\t<div class=\"elementor-post__text\">\n\t\t\t\t<h3 class=\"elementor-post__title\">\n\t\t\t<a href=\"https:\/\/implantecapilarbrasil.com.br\/?p=894\" >\n\t\t\t\tQual o Momento Ideal para Fazer um Transplante Capilar?\t\t\t<\/a>\n\t\t<\/h3>\n\t\t\t\t\t<a class=\"elementor-post__read-more\" href=\"https:\/\/implantecapilarbrasil.com.br\/?p=894\" >\n\t\t\t\tleia mais\t\t\t<\/a>\n\t\t\t\t<\/div>\n\t\t\t\t\t<\/div>\n\t\t<\/article>\n\t\t\t\t<\/div>\n\t\t\t\t<nav class=\"elementor-pagination\" role=\"navigation\" aria-label=\"Pagination\">\n\t\t\t<span aria-current=\"page\" class=\"page-numbers current\"><span class=\"elementor-screen-only\">Page<\/span>1<\/span>\n<a class=\"page-numbers\" href=\"https:\/\/implantecapilarbrasil.com.br\/index.php\/?paged=2&#038;rest_route=%2Fwp%2Fv2%2Fpages%2F233\"><span class=\"elementor-screen-only\">Page<\/span>2<\/a>\n<a class=\"page-numbers\" href=\"https:\/\/implantecapilarbrasil.com.br\/index.php\/?paged=3&#038;rest_route=%2Fwp%2Fv2%2Fpages%2F233\"><span class=\"elementor-screen-only\">Page<\/span>3<\/a>\n<a class=\"page-numbers\" href=\"https:\/\/implantecapilarbrasil.com.br\/index.php\/?paged=4&#038;rest_route=%2Fwp%2Fv2%2Fpages%2F233\"><span class=\"elementor-screen-only\">Page<\/span>4<\/a>\n<a class=\"page-numbers\" href=\"https:\/\/implantecapilarbrasil.com.br\/index.php\/?paged=5&#038;rest_route=%2Fwp%2Fv2%2Fpages%2F233\"><span class=\"elementor-screen-only\">Page<\/span>5<\/a>\t\t<\/nav>\n\t\t\t\t<\/div>\n\t\t\t\t<\/div>\n\t\t\t\t\t<\/div>\n\t\t<\/div>\n\t\t\t\t\t\t\t<\/div>\n\t\t<\/section>\n\t\t\t\t\t\t<\/div>\n\t\t\t\t\t<\/div>\n\t\t","protected":false},"excerpt":{"rendered":"","protected":false},"author":1,"featured_media":0,"parent":0,"menu_order":0,"comment_status":"closed","ping_status":"closed","template":"","meta":{"footnotes":""},"yoast_head":"<!-- This site is optimized with the Yoast SEO plugin v18.1 - https:\/\/yoast.com\/wordpress\/plugins\/seo\/ -->\n<title>Blog -<\/title>\n<meta name=\"robots\" content=\"index, follow, max-snippet:-1, max-image-preview:large, max-video-preview:-1\" \/>\n<link rel=\"canonical\" href=\"https:\/\/implantecapilarbrasil.com.br\/?page_id=233\" \/>\n<meta property=\"og:locale\" content=\"pt_BR\" \/>\n<meta property=\"og:type\" content=\"article\" \/>\n<meta property=\"og:title\" content=\"Blog -\" \/>\n<meta property=\"og:url\" content=\"https:\/\/implantecapilarbrasil.com.br\/?page_id=233\" \/>\n<meta property=\"article:modified_time\" content=\"2024-04-26T14:19:31+00:00\" \/>\n<meta name=\"twitter:card\" content=\"summary_large_image\" \/>\n<script type=\"application\/ld+json\" class=\"yoast-schema-graph\">{\"@context\":\"https:\/\/schema.org\",\"@graph\":[{\"@type\":\"WebSite\",\"@id\":\"https:\/\/implantecapilarbrasil.com.br\/#website\",\"url\":\"https:\/\/implantecapilarbrasil.com.br\/\",\"name\":\"\",\"description\":\"\",\"potentialAction\":[{\"@type\":\"SearchAction\",\"target\":{\"@type\":\"EntryPoint\",\"urlTemplate\":\"https:\/\/implantecapilarbrasil.com.br\/?s={search_term_string}\"},\"query-input\":\"required name=search_term_string\"}],\"inLanguage\":\"pt-BR\"},{\"@type\":\"WebPage\",\"@id\":\"https:\/\/implantecapilarbrasil.com.br\/?page_id=233#webpage\",\"url\":\"https:\/\/implantecapilarbrasil.com.br\/?page_id=233\",\"name\":\"Blog -\",\"isPartOf\":{\"@id\":\"https:\/\/implantecapilarbrasil.com.br\/#website\"},\"datePublished\":\"2023-02-28T16:24:10+00:00\",\"dateModified\":\"2024-04-26T14:19:31+00:00\",\"breadcrumb\":{\"@id\":\"https:\/\/implantecapilarbrasil.com.br\/?page_id=233#breadcrumb\"},\"inLanguage\":\"pt-BR\",\"potentialAction\":[{\"@type\":\"ReadAction\",\"target\":[\"https:\/\/implantecapilarbrasil.com.br\/?page_id=233\"]}]},{\"@type\":\"BreadcrumbList\",\"@id\":\"https:\/\/implantecapilarbrasil.com.br\/?page_id=233#breadcrumb\",\"itemListElement\":[{\"@type\":\"ListItem\",\"position\":1,\"name\":\"In\u00edcio\",\"item\":\"https:\/\/implantecapilarbrasil.com.br\/\"},{\"@type\":\"ListItem\",\"position\":2,\"name\":\"Blog\"}]}]}<\/script>\n<!-- \/ Yoast SEO plugin. -->","yoast_head_json":{"title":"Blog -","robots":{"index":"index","follow":"follow","max-snippet":"max-snippet:-1","max-image-preview":"max-image-preview:large","max-video-preview":"max-video-preview:-1"},"canonical":"https:\/\/implantecapilarbrasil.com.br\/?page_id=233","og_locale":"pt_BR","og_type":"article","og_title":"Blog -","og_url":"https:\/\/implantecapilarbrasil.com.br\/?page_id=233","article_modified_time":"2024-04-26T14:19:31+00:00","twitter_card":"summary_large_image","schema":{"@context":"https:\/\/schema.org","@graph":[{"@type":"WebSite","@id":"https:\/\/implantecapilarbrasil.com.br\/#website","url":"https:\/\/implantecapilarbrasil.com.br\/","name":"","description":"","potentialAction":[{"@type":"SearchAction","target":{"@type":"EntryPoint","urlTemplate":"https:\/\/implantecapilarbrasil.com.br\/?s={search_term_string}"},"query-input":"required name=search_term_string"}],"inLanguage":"pt-BR"},{"@type":"WebPage","@id":"https:\/\/implantecapilarbrasil.com.br\/?page_id=233#webpage","url":"https:\/\/implantecapilarbrasil.com.br\/?page_id=233","name":"Blog -","isPartOf":{"@id":"https:\/\/implantecapilarbrasil.com.br\/#website"},"datePublished":"2023-02-28T16:24:10+00:00","dateModified":"2024-04-26T14:19:31+00:00","breadcrumb":{"@id":"https:\/\/implantecapilarbrasil.com.br\/?page_id=233#breadcrumb"},"inLanguage":"pt-BR","potentialAction":[{"@type":"ReadAction","target":["https:\/\/implantecapilarbrasil.com.br\/?page_id=233"]}]},{"@type":"BreadcrumbList","@id":"https:\/\/implantecapilarbrasil.com.br\/?page_id=233#breadcrumb","itemListElement":[{"@type":"ListItem","position":1,"name":"In\u00edcio","item":"https:\/\/implantecapilarbrasil.com.br\/"},{"@type":"ListItem","position":2,"name":"Blog"}]}]}},"_links":{"self":[{"href":"https:\/\/implantecapilarbrasil.com.br\/index.php?rest_route=\/wp\/v2\/pages\/233"}],"collection":[{"href":"https:\/\/implantecapilarbrasil.com.br\/index.php?rest_route=\/wp\/v2\/pages"}],"about":[{"href":"https:\/\/implantecapilarbrasil.com.br\/index.php?rest_route=\/wp\/v2\/types\/page"}],"author":[{"embeddable":true,"href":"https:\/\/implantecapilarbrasil.com.br\/index.php?rest_route=\/wp\/v2\/users\/1"}],"replies":[{"embeddable":true,"href":"https:\/\/implantecapilarbrasil.com.br\/index.php?rest_route=%2Fwp%2Fv2%2Fcomments&post=233"}],"version-history":[{"count":20,"href":"https:\/\/implantecapilarbrasil.com.br\/index.php?rest_route=\/wp\/v2\/pages\/233\/revisions"}],"predecessor-version":[{"id":370,"href":"https:\/\/implantecapilarbrasil.com.br\/index.php?rest_route=\/wp\/v2\/pages\/233\/revisions\/370"}],"wp:attachment":[{"href":"https:\/\/implantecapilarbrasil.com.br\/index.php?rest_route=%2Fwp%2Fv2%2Fmedia&parent=233"}],"curies":[{"name":"wp","href":"https:\/\/api.w.org\/{rel}","templated":true}]}}